{"id":156,"date":"2022-03-07T17:18:04","date_gmt":"2022-03-07T16:18:04","guid":{"rendered":"https:\/\/v-comp.ch.webhost.v-comp.ch\/?page_id=156"},"modified":"2023-03-26T18:11:47","modified_gmt":"2023-03-26T16:11:47","slug":"tanacsadas","status":"publish","type":"page","link":"https:\/\/v-comp.ch.webhost.v-comp.ch\/?page_id=156&lang=hu","title":{"rendered":"Tan\u00e1csad\u00e1s"},"content":{"rendered":"\n<div class=\"wp-block-columns is-layout-flex wp-container-core-columns-is-layout-9d6595d7 wp-block-columns-is-layout-flex\">\n<div class=\"wp-block-column is-layout-flow wp-block-column-is-layout-flow\" style=\"flex-basis:33.33%\">\n<figure class=\"wp-block-image size-full\"><img loading=\"lazy\" decoding=\"async\" width=\"305\" height=\"189\" src=\"http:\/\/v-comp.ch.webhost.v-comp.ch\/wp-content\/uploads\/2022\/03\/tanacsadas.jpg\" alt=\"\" class=\"wp-image-288\" srcset=\"https:\/\/v-comp.ch.webhost.v-comp.ch\/wp-content\/uploads\/2022\/03\/tanacsadas.jpg 305w, https:\/\/v-comp.ch.webhost.v-comp.ch\/wp-content\/uploads\/2022\/03\/tanacsadas-300x186.jpg 300w\" sizes=\"auto, (max-width: 305px) 85vw, 305px\" \/><\/figure>\n<\/div>\n\n\n\n<div class=\"wp-block-column is-layout-flow wp-block-column-is-layout-flow\" style=\"flex-basis:66.66%\">\n<p class=\"has-text-align-justify\">A c\u00e9gek, v\u00e1llalkoz\u00e1sok k\u00f6lts\u00e9ghat\u00e9kony, \u00e1tl\u00e1that\u00f3 \u00e9s k\u00f6nnyed\u00e9n menedzselhet\u0151 m\u0171k\u00f6dtet\u00e9s\u00e9nek egyik alappill\u00e9re a folyamatok szakszer\u0171 megtervez\u00e9se \u00e9s kontrollja. A k\u00e9szen kaphat\u00f3, \u00e1ltal\u00e1nos ig\u00e9nyeket kiszolg\u00e1l\u00f3 csomagalkalmaz\u00e1sok mellett folyamatos az ig\u00e9ny a speci\u00e1lis k\u00f6vetelm\u00e9nyeknek megfelel\u0151 egyedi alkalmaz\u00e1sokra, melyeknek egy\u00fctt kell tudniuk m\u0171k\u00f6dni a jelen l\u00e9v\u0151 informatikai k\u00f6rnyezet egy\u00e9b rendszereivel. <\/p>\n\n\n\n<p class=\"has-text-align-justify\">Tev\u00e9kenys\u00e9g\u00fcnk k\u00f6zponti kompetenciater\u00fclete a szoftverfejleszt\u00e9s, mely mag\u00e1ban foglalja a folyamati \u00e9s rendszertervez\u00e9st, az architekt\u00fara kialak\u00edt\u00e1s\u00e1t, implement\u00e1ci\u00f3s f\u00e1zist, a tesztel\u00e9si feladatokat valamint a karbantart\u00e1si m\u0171veleteket megtervez\u00e9s\u00e9t \u00e9s megval\u00f3s\u00edt\u00e1s\u00e1t is, term\u00e9szetesen mindezeket az \u00fcgyfelek egyedi ig\u00e9nyeihez alkalmazkodva. A technol\u00f3gia \u00e9s a szolg\u00e1ltat\u00e1sok helyes kiv\u00e1laszt\u00e1s\u00e1hoz elengedhetetlen\u00fcl sz\u00fcks\u00e9ges az \u00fczleti modellek, folyamatok megfelel\u0151 ismerete, hiszen a speci\u00e1lis \u00fczleti elv\u00e1r\u00e1sokat kiel\u00e9g\u00edt\u0151 egyedi megold\u00e1sok kidolgoz\u00e1sa \u00e9s integr\u00e1l\u00e1sa magas szint\u0171 szakmai felk\u00e9sz\u00fclts\u00e9get ig\u00e9nyel a sz\u00e1ll\u00edt\u00f3 r\u00e9sz\u00e9r\u0151l, \u00e1m egyben komoly bizalmat felt\u00e9telez a megb\u00edz\u00f3 r\u00e9sz\u00e9r\u0151l. <\/p>\n\n\n\n<p class=\"has-text-align-justify\">A tan\u00e1csad\u00e1s-tevez\u00e9s-fejleszt\u00e9s (ezen) ter\u00fclet\u00e9n sok\u00e9ves tapasztalatot gy\u0171jthett\u00fcnk a k\u00fcl\u00f6nb\u00f6z\u0151 ipar\u00e1gi ter\u00fcletr\u0151l \u00e9rkez\u0151 \u00fcgyfeleinkn\u00e9l. Sz\u00e9les referenciab\u00e1zissal rendelkez\u00fcnk mind a speci\u00e1lis ig\u00e9nyeket kiel\u00e9g\u00edt\u0151 egyedi megold\u00e1sok kialak\u00edt\u00e1s\u00e1ban, mind a hagyom\u00e1nyos, integr\u00e1ci\u00f3s megold\u00e1sok megval\u00f3s\u00edt\u00e1s\u00e1ban.<\/p>\n<\/div>\n<\/div>\n\n\n\n<p><\/p>\n","protected":false},"excerpt":{"rendered":"<p>A c\u00e9gek, v\u00e1llalkoz\u00e1sok k\u00f6lts\u00e9ghat\u00e9kony, \u00e1tl\u00e1that\u00f3 \u00e9s k\u00f6nnyed\u00e9n menedzselhet\u0151 m\u0171k\u00f6dtet\u00e9s\u00e9nek egyik alappill\u00e9re a folyamatok szakszer\u0171 megtervez\u00e9se \u00e9s kontrollja. A k\u00e9szen kaphat\u00f3, \u00e1ltal\u00e1nos ig\u00e9nyeket kiszolg\u00e1l\u00f3 csomagalkalmaz\u00e1sok mellett folyamatos az ig\u00e9ny a speci\u00e1lis k\u00f6vetelm\u00e9nyeknek megfelel\u0151 egyedi alkalmaz\u00e1sokra, melyeknek egy\u00fctt kell tudniuk m\u0171k\u00f6dni a jelen l\u00e9v\u0151 informatikai k\u00f6rnyezet egy\u00e9b rendszereivel. Tev\u00e9kenys\u00e9g\u00fcnk k\u00f6zponti kompetenciater\u00fclete a szoftverfejleszt\u00e9s, mely mag\u00e1ban foglalja a &hellip; <a href=\"https:\/\/v-comp.ch.webhost.v-comp.ch\/?page_id=156&#038;lang=hu\" class=\"more-link\">Continue reading<span class=\"screen-reader-text\"> &#8220;Tan\u00e1csad\u00e1s&#8221;<\/span><\/a><\/p>\n","protected":false},"author":1,"featured_media":0,"parent":0,"menu_order":0,"comment_status":"closed","ping_status":"closed","template":"","meta":{"_editorskit_title_hidden":false,"_editorskit_reading_time":0,"_editorskit_is_block_options_detached":false,"_editorskit_block_options_position":"{}","footnotes":""},"class_list":["post-156","page","type-page","status-publish","hentry"],"_links":{"self":[{"href":"https:\/\/v-comp.ch.webhost.v-comp.ch\/index.php?rest_route=\/wp\/v2\/pages\/156","targetHints":{"allow":["GET"]}}],"collection":[{"href":"https:\/\/v-comp.ch.webhost.v-comp.ch\/index.php?rest_route=\/wp\/v2\/pages"}],"about":[{"href":"https:\/\/v-comp.ch.webhost.v-comp.ch\/index.php?rest_route=\/wp\/v2\/types\/page"}],"author":[{"embeddable":true,"href":"https:\/\/v-comp.ch.webhost.v-comp.ch\/index.php?rest_route=\/wp\/v2\/users\/1"}],"replies":[{"embeddable":true,"href":"https:\/\/v-comp.ch.webhost.v-comp.ch\/index.php?rest_route=%2Fwp%2Fv2%2Fcomments&post=156"}],"version-history":[{"count":7,"href":"https:\/\/v-comp.ch.webhost.v-comp.ch\/index.php?rest_route=\/wp\/v2\/pages\/156\/revisions"}],"predecessor-version":[{"id":601,"href":"https:\/\/v-comp.ch.webhost.v-comp.ch\/index.php?rest_route=\/wp\/v2\/pages\/156\/revisions\/601"}],"wp:attachment":[{"href":"https:\/\/v-comp.ch.webhost.v-comp.ch\/index.php?rest_route=%2Fwp%2Fv2%2Fmedia&parent=156"}],"curies":[{"name":"wp","href":"https:\/\/api.w.org\/{rel}","templated":true}]}}