{"id":158,"date":"2022-03-07T17:18:20","date_gmt":"2022-03-07T16:18:20","guid":{"rendered":"https:\/\/v-comp.ch.webhost.v-comp.ch\/?page_id=158"},"modified":"2023-03-26T18:13:08","modified_gmt":"2023-03-26T16:13:08","slug":"integracio","status":"publish","type":"page","link":"https:\/\/v-comp.ch.webhost.v-comp.ch\/?page_id=158&lang=hu","title":{"rendered":"Integr\u00e1ci\u00f3, Fejleszt\u00e9s"},"content":{"rendered":"\n<div class=\"wp-block-columns is-layout-flex wp-container-core-columns-is-layout-9d6595d7 wp-block-columns-is-layout-flex\">\n<div class=\"wp-block-column is-layout-flow wp-block-column-is-layout-flow\" style=\"flex-basis:33.33%\">\n<figure class=\"wp-block-image size-full\"><img loading=\"lazy\" decoding=\"async\" width=\"305\" height=\"229\" src=\"http:\/\/v-comp.ch.webhost.v-comp.ch\/wp-content\/uploads\/2022\/03\/integracio.jpg\" alt=\"\" class=\"wp-image-287\" srcset=\"https:\/\/v-comp.ch.webhost.v-comp.ch\/wp-content\/uploads\/2022\/03\/integracio.jpg 305w, https:\/\/v-comp.ch.webhost.v-comp.ch\/wp-content\/uploads\/2022\/03\/integracio-300x225.jpg 300w\" sizes=\"auto, (max-width: 305px) 85vw, 305px\" \/><\/figure>\n<\/div>\n\n\n\n<div class=\"wp-block-column is-layout-flow wp-block-column-is-layout-flow\" style=\"flex-basis:66.66%\">\n<p class=\"has-text-align-justify\">A gyorsul\u00f3 \u00fczleti folyamatok, a hat\u00e9kony kamp\u00e1nyok valamint a gyors \u00fczleti reakci\u00f3 ir\u00e1nti ig\u00e9nyek elengedhetetlenn\u00e9 teszik a v\u00e1llalat \u00e1ltal haszn\u00e1lt, k\u00fcl\u00f6n\u00e1ll\u00f3 alkalmaz\u00e1sok \u00f6sszekapcsol\u00e1s\u00e1t k\u00fcl\u00f6nb\u00f6z\u0151 integr\u00e1ci\u00f3s technik\u00e1k seg\u00edts\u00e9g\u00e9vel. Az integr\u00e1ci\u00f3s feladatok egyike, hogy a rendelkez\u00e9sre \u00e1ll\u00f3 hardver \u00e9s szoftver eszk\u00f6z\u00f6ket egy megb\u00edzhat\u00f3an m\u0171k\u00f6d\u0151 egys\u00e9gbe szervezze, ezzel is seg\u00edtve az \u00fczleti folyamatok egyre magasabb szint\u0171 t\u00e1mogat\u00e1s\u00e1t . <\/p>\n\n\n\n<p class=\"has-text-align-justify\">A rendszerintegr\u00e1ci\u00f3 alapvet\u0151 feladata, hogy a m\u00e1r hat\u00e9konyan \u00fczemel\u0151 rendszereket \u00f6sszekapcsolja, a k\u00fcl\u00f6nb\u00f6z\u0151 platformokat integr\u00e1lja, tov\u00e1bb\u00e1 lehet\u0151s\u00e9get biztos\u00edtson az egyes alkalmaz\u00e1sok inform\u00e1ci\u00f3cser\u00e9j\u00e9re. Az alkalmaz\u00e1sintegr\u00e1ci\u00f3 \u00f3ri\u00e1si el\u0151nye, hogy az egyes v\u00e1llalkoz\u00e1sok \u00f6sszetett informatikai rendszer\u00e9ben egy olyan architekt\u00fara alak\u00edthat\u00f3 ki, ahol a r\u00e9gi alkalmaz\u00e1sok folyamatos \u00fczemeltet\u00e9se mellett \u00faj komponensek is k\u00f6nnyen beilleszthet\u0151k. Egy j\u00f3l megtervezett integr\u00e1ci\u00f3t k\u00f6vet\u0151en az adatmin\u0151s\u00e9g javul\u00e1s\u00e1val egyid\u0151ben a bels\u0151 adat\u00e1raml\u00e1s felgyorsul, ezzel is lehet\u0151s\u00e9get biztos\u00edtva az \u00fczleti folyamatok gyorsabb, pontosabb kiszolg\u00e1l\u00e1s\u00e1ra. Az informatikai folyamatok optimaliz\u00e1l\u00e1s\u00e1ra, illet\u0151leg a hat\u00e9konys\u00e1gn\u00f6vel\u00e9sre ir\u00e1nyul\u00f3 rendszerintegr\u00e1ci\u00f3s tev\u00e9kenys\u00e9geink k\u00f6z\u00f6tt szerepel a szoftver \u00e9s hardver eszk\u00f6z\u00f6k telep\u00edt\u00e9se, b\u0151v\u00edt\u00e9se; dobozos term\u00e9kek, csomagalkalmaz\u00e1sok konfigur\u00e1l\u00e1sa, illeszt\u00e9se , valamint ezekhez kapcsol\u00f3d\u00f3 kieg\u00e9sz\u00edt\u0151 alkalmaz\u00e1sok fejleszt\u00e9se , finomhangol\u00e1sa; de rendszerintegr\u00e1ci\u00f3s feladatk\u00e9nt \u00e9rtelmezz\u00fck a dokumentumt\u00e1rak l\u00e9trehoz\u00e1s\u00e1t, a megl\u00e9v\u0151k egys\u00e9ges\u00edt\u00e9s\u00e9t is. <\/p>\n\n\n\n<p class=\"has-text-align-justify\">A komplex integr\u00e1ci\u00f3s tev\u00e9kenys\u00e9get minden esetben a megl\u00e9v\u0151 infrastrukt\u00fara felt\u00e9rk\u00e9pez\u00e9se \u00e9s alapos rendszertervez\u00e9s el\u0151zi meg, mely feladatot megfelel\u0151 m\u00f3dszer- \u00e9s eszk\u00f6zh\u00e1t\u00e9rrel rendelkez\u0151 koll\u00e9g\u00e1ink v\u00e9gzik. C\u00e9g\u00fcnk sz\u00e9lesk\u00f6r\u0171 tapasztalattal \u00e9s meggy\u0151z\u0151 referenci\u00e1kkal rendelkezik az integr\u00e1ci\u00f3s technol\u00f3gi\u00e1k alkalmaz\u00e1s\u00e1nak ter\u00fclet\u00e9n.<\/p>\n<\/div>\n<\/div>\n\n\n\n<p><\/p>\n","protected":false},"excerpt":{"rendered":"<p>A gyorsul\u00f3 \u00fczleti folyamatok, a hat\u00e9kony kamp\u00e1nyok valamint a gyors \u00fczleti reakci\u00f3 ir\u00e1nti ig\u00e9nyek elengedhetetlenn\u00e9 teszik a v\u00e1llalat \u00e1ltal haszn\u00e1lt, k\u00fcl\u00f6n\u00e1ll\u00f3 alkalmaz\u00e1sok \u00f6sszekapcsol\u00e1s\u00e1t k\u00fcl\u00f6nb\u00f6z\u0151 integr\u00e1ci\u00f3s technik\u00e1k seg\u00edts\u00e9g\u00e9vel. Az integr\u00e1ci\u00f3s feladatok egyike, hogy a rendelkez\u00e9sre \u00e1ll\u00f3 hardver \u00e9s szoftver eszk\u00f6z\u00f6ket egy megb\u00edzhat\u00f3an m\u0171k\u00f6d\u0151 egys\u00e9gbe szervezze, ezzel is seg\u00edtve az \u00fczleti folyamatok egyre magasabb szint\u0171 t\u00e1mogat\u00e1s\u00e1t . &hellip; <a href=\"https:\/\/v-comp.ch.webhost.v-comp.ch\/?page_id=158&#038;lang=hu\" class=\"more-link\">Continue reading<span class=\"screen-reader-text\"> &#8220;Integr\u00e1ci\u00f3, Fejleszt\u00e9s&#8221;<\/span><\/a><\/p>\n","protected":false},"author":1,"featured_media":0,"parent":0,"menu_order":0,"comment_status":"closed","ping_status":"closed","template":"","meta":{"_editorskit_title_hidden":false,"_editorskit_reading_time":0,"_editorskit_is_block_options_detached":false,"_editorskit_block_options_position":"{}","footnotes":""},"class_list":["post-158","page","type-page","status-publish","hentry"],"_links":{"self":[{"href":"https:\/\/v-comp.ch.webhost.v-comp.ch\/index.php?rest_route=\/wp\/v2\/pages\/158","targetHints":{"allow":["GET"]}}],"collection":[{"href":"https:\/\/v-comp.ch.webhost.v-comp.ch\/index.php?rest_route=\/wp\/v2\/pages"}],"about":[{"href":"https:\/\/v-comp.ch.webhost.v-comp.ch\/index.php?rest_route=\/wp\/v2\/types\/page"}],"author":[{"embeddable":true,"href":"https:\/\/v-comp.ch.webhost.v-comp.ch\/index.php?rest_route=\/wp\/v2\/users\/1"}],"replies":[{"embeddable":true,"href":"https:\/\/v-comp.ch.webhost.v-comp.ch\/index.php?rest_route=%2Fwp%2Fv2%2Fcomments&post=158"}],"version-history":[{"count":6,"href":"https:\/\/v-comp.ch.webhost.v-comp.ch\/index.php?rest_route=\/wp\/v2\/pages\/158\/revisions"}],"predecessor-version":[{"id":603,"href":"https:\/\/v-comp.ch.webhost.v-comp.ch\/index.php?rest_route=\/wp\/v2\/pages\/158\/revisions\/603"}],"wp:attachment":[{"href":"https:\/\/v-comp.ch.webhost.v-comp.ch\/index.php?rest_route=%2Fwp%2Fv2%2Fmedia&parent=158"}],"curies":[{"name":"wp","href":"https:\/\/api.w.org\/{rel}","templated":true}]}}