{"id":164,"date":"2022-03-07T17:19:23","date_gmt":"2022-03-07T16:19:23","guid":{"rendered":"https:\/\/v-comp.ch.webhost.v-comp.ch\/?page_id=164"},"modified":"2022-03-08T18:12:53","modified_gmt":"2022-03-08T17:12:53","slug":"hasznos-linkek","status":"publish","type":"page","link":"https:\/\/v-comp.ch.webhost.v-comp.ch\/?page_id=164&lang=hu","title":{"rendered":"Hasznos linkek"},"content":{"rendered":"\n<div class=\"wp-block-columns is-layout-flex wp-container-core-columns-is-layout-9d6595d7 wp-block-columns-is-layout-flex\">\n<div class=\"wp-block-column is-layout-flow wp-block-column-is-layout-flow\" style=\"flex-basis:33.33%\">\n<figure class=\"wp-block-image size-full is-resized\"><img loading=\"lazy\" decoding=\"async\" src=\"http:\/\/v-comp.ch.webhost.v-comp.ch\/wp-content\/uploads\/2022\/03\/ingatlan.jpg\" alt=\"\" class=\"wp-image-198\" width=\"160\" height=\"148\"\/><\/figure>\n<\/div>\n\n\n\n<div class=\"wp-block-column is-layout-flow wp-block-column-is-layout-flow\" style=\"flex-basis:66.66%\">\n<figure class=\"wp-block-table is-style-stripes\"><table><thead><tr><th class=\"has-text-align-right\" data-align=\"right\"><em>Webmail<\/em><\/th><th><\/th><\/tr><\/thead><tbody><tr><td class=\"has-text-align-right\" data-align=\"right\">El\u00e9r\u00e9s:<\/td><td><a href=\"https:\/\/webmail.v-comp.ch\" target=\"_blank\" rel=\"noreferrer noopener\">https:\/\/webmail.v-comp.ch<\/a><\/td><\/tr><tr><td class=\"has-text-align-right\" data-align=\"right\">SMTP szerver:<\/td><td> az internet szolg\u00e1ltat\u00f3 \u00e1ltal biztos\u00edtott szerver<br><sub>(opcion\u00e1lisan: mail.v-comp.ch)<\/sub><\/td><\/tr><tr><td class=\"has-text-align-right\" data-align=\"right\">IMAP\/POP3 szerver: <\/td><td>mail.v-comp.ch<\/td><\/tr><tr><td class=\"has-text-align-right\" data-align=\"right\">Fehlaszn\u00e1l\u00f3: <\/td><td>{teljes e-mail c\u00edm}<\/td><\/tr><\/tbody><\/table><\/figure>\n<\/div>\n<\/div>\n\n\n\n<p><\/p>\n","protected":false},"excerpt":{"rendered":"<p>Webmail El\u00e9r\u00e9s: https:\/\/webmail.v-comp.ch SMTP szerver: az internet szolg\u00e1ltat\u00f3 \u00e1ltal biztos\u00edtott szerver(opcion\u00e1lisan: mail.v-comp.ch) IMAP\/POP3 szerver: mail.v-comp.ch Fehlaszn\u00e1l\u00f3: {teljes e-mail c\u00edm}<\/p>\n","protected":false},"author":1,"featured_media":0,"parent":0,"menu_order":0,"comment_status":"closed","ping_status":"closed","template":"","meta":{"_editorskit_title_hidden":false,"_editorskit_reading_time":0,"_editorskit_is_block_options_detached":false,"_editorskit_block_options_position":"{}","footnotes":""},"class_list":["post-164","page","type-page","status-publish","hentry"],"_links":{"self":[{"href":"https:\/\/v-comp.ch.webhost.v-comp.ch\/index.php?rest_route=\/wp\/v2\/pages\/164","targetHints":{"allow":["GET"]}}],"collection":[{"href":"https:\/\/v-comp.ch.webhost.v-comp.ch\/index.php?rest_route=\/wp\/v2\/pages"}],"about":[{"href":"https:\/\/v-comp.ch.webhost.v-comp.ch\/index.php?rest_route=\/wp\/v2\/types\/page"}],"author":[{"embeddable":true,"href":"https:\/\/v-comp.ch.webhost.v-comp.ch\/index.php?rest_route=\/wp\/v2\/users\/1"}],"replies":[{"embeddable":true,"href":"https:\/\/v-comp.ch.webhost.v-comp.ch\/index.php?rest_route=%2Fwp%2Fv2%2Fcomments&post=164"}],"version-history":[{"count":9,"href":"https:\/\/v-comp.ch.webhost.v-comp.ch\/index.php?rest_route=\/wp\/v2\/pages\/164\/revisions"}],"predecessor-version":[{"id":554,"href":"https:\/\/v-comp.ch.webhost.v-comp.ch\/index.php?rest_route=\/wp\/v2\/pages\/164\/revisions\/554"}],"wp:attachment":[{"href":"https:\/\/v-comp.ch.webhost.v-comp.ch\/index.php?rest_route=%2Fwp%2Fv2%2Fmedia&parent=164"}],"curies":[{"name":"wp","href":"https:\/\/api.w.org\/{rel}","templated":true}]}}