{"id":349,"date":"2022-03-07T20:36:57","date_gmt":"2022-03-07T19:36:57","guid":{"rendered":"https:\/\/v-comp.ch.webhost.v-comp.ch\/?page_id=349"},"modified":"2023-03-26T18:08:41","modified_gmt":"2023-03-26T16:08:41","slug":"anfahrt","status":"publish","type":"page","link":"https:\/\/v-comp.ch.webhost.v-comp.ch\/?page_id=349","title":{"rendered":"Anfahrt"},"content":{"rendered":"\n<div class=\"wp-block-columns is-layout-flex wp-container-core-columns-is-layout-9d6595d7 wp-block-columns-is-layout-flex\">\n<div class=\"wp-block-column is-layout-flow wp-block-column-is-layout-flow\" style=\"flex-basis:33.33%\"><\/div>\n\n\n\n<div class=\"wp-block-column is-layout-flow wp-block-column-is-layout-flow\" style=\"flex-basis:66.66%\">\n<p class=\"has-text-align-justify\">Die Haupstadt der Schweiz Bern ist einfach zu erreichen.<\/p>\n\n\n\n<p class=\"has-text-align-justify\">Mit dem Auto nehmen Sie von der Autobahn A12 die Ausfahrt Niederwangen.<\/p>\n\n\n\n<p class=\"has-text-align-justify\">Um Staus zu umgehen wird der \u00f6ffentliche Verkehr mittels Zug empfohlen.<br>Vom Hauptbahnhof Bern fahren Sie mit den S-Bahn Linien S1 in Richtung Fribourg oder S2 in Richtung Laupen jeweils bis zur Haltestelle B\u00fcmpliz-S\u00fcd.<br>Vom Hauptbahnhof Bern k\u00f6nnen Sie die Strassenbahnlinie 7 bis zur Haltestelle Bachm\u00e4tteli nehmen.<\/p>\n\n\n\n<p class=\"has-text-align-justify\">Unser B\u00fcro finden Sie in der Wangenstrasse 45c in Bern\/B\u00fcmpliz.<\/p>\n<\/div>\n<\/div>\n\n\n\n<p><\/p>\n","protected":false},"excerpt":{"rendered":"<p>Die Haupstadt der Schweiz Bern ist einfach zu erreichen. Mit dem Auto nehmen Sie von der Autobahn A12 die Ausfahrt Niederwangen. Um Staus zu umgehen wird der \u00f6ffentliche Verkehr mittels Zug empfohlen.Vom Hauptbahnhof Bern fahren Sie mit den S-Bahn Linien S1 in Richtung Fribourg oder S2 in Richtung Laupen jeweils bis zur Haltestelle B\u00fcmpliz-S\u00fcd.Vom Hauptbahnhof &hellip; <a href=\"https:\/\/v-comp.ch.webhost.v-comp.ch\/?page_id=349\" class=\"more-link\">Continue reading<span class=\"screen-reader-text\"> &#8220;Anfahrt&#8221;<\/span><\/a><\/p>\n","protected":false},"author":1,"featured_media":0,"parent":0,"menu_order":0,"comment_status":"closed","ping_status":"closed","template":"","meta":{"_editorskit_title_hidden":false,"_editorskit_reading_time":0,"_editorskit_is_block_options_detached":false,"_editorskit_block_options_position":"{}","footnotes":""},"class_list":["post-349","page","type-page","status-publish","hentry"],"_links":{"self":[{"href":"https:\/\/v-comp.ch.webhost.v-comp.ch\/index.php?rest_route=\/wp\/v2\/pages\/349","targetHints":{"allow":["GET"]}}],"collection":[{"href":"https:\/\/v-comp.ch.webhost.v-comp.ch\/index.php?rest_route=\/wp\/v2\/pages"}],"about":[{"href":"https:\/\/v-comp.ch.webhost.v-comp.ch\/index.php?rest_route=\/wp\/v2\/types\/page"}],"author":[{"embeddable":true,"href":"https:\/\/v-comp.ch.webhost.v-comp.ch\/index.php?rest_route=\/wp\/v2\/users\/1"}],"replies":[{"embeddable":true,"href":"https:\/\/v-comp.ch.webhost.v-comp.ch\/index.php?rest_route=%2Fwp%2Fv2%2Fcomments&post=349"}],"version-history":[{"count":4,"href":"https:\/\/v-comp.ch.webhost.v-comp.ch\/index.php?rest_route=\/wp\/v2\/pages\/349\/revisions"}],"predecessor-version":[{"id":596,"href":"https:\/\/v-comp.ch.webhost.v-comp.ch\/index.php?rest_route=\/wp\/v2\/pages\/349\/revisions\/596"}],"wp:attachment":[{"href":"https:\/\/v-comp.ch.webhost.v-comp.ch\/index.php?rest_route=%2Fwp%2Fv2%2Fmedia&parent=349"}],"curies":[{"name":"wp","href":"https:\/\/api.w.org\/{rel}","templated":true}]}}