{"id":376,"date":"2022-03-07T21:08:50","date_gmt":"2022-03-07T20:08:50","guid":{"rendered":"https:\/\/v-comp.ch.webhost.v-comp.ch\/?page_id=376"},"modified":"2023-03-26T18:11:20","modified_gmt":"2023-03-26T16:11:20","slug":"beratung","status":"publish","type":"page","link":"https:\/\/v-comp.ch.webhost.v-comp.ch\/?page_id=376","title":{"rendered":"Beratung"},"content":{"rendered":"\n<div class=\"wp-block-columns is-layout-flex wp-container-core-columns-is-layout-9d6595d7 wp-block-columns-is-layout-flex\">\n<div class=\"wp-block-column is-layout-flow wp-block-column-is-layout-flow\" style=\"flex-basis:33.33%\">\n<figure class=\"wp-block-image size-full\"><img loading=\"lazy\" decoding=\"async\" width=\"305\" height=\"189\" src=\"http:\/\/v-comp.ch.webhost.v-comp.ch\/wp-content\/uploads\/2022\/03\/tanacsadas.jpg\" alt=\"\" class=\"wp-image-288\" srcset=\"https:\/\/v-comp.ch.webhost.v-comp.ch\/wp-content\/uploads\/2022\/03\/tanacsadas.jpg 305w, https:\/\/v-comp.ch.webhost.v-comp.ch\/wp-content\/uploads\/2022\/03\/tanacsadas-300x186.jpg 300w\" sizes=\"auto, (max-width: 305px) 85vw, 305px\" \/><\/figure>\n<\/div>\n\n\n\n<div class=\"wp-block-column is-layout-flow wp-block-column-is-layout-flow\" style=\"flex-basis:66.66%\">\n<p class=\"has-text-align-justify\">Eine zielorientierte Planung und Kontrolle von Prozessen ist die Basis f\u00fcr einen kosteneffizienten und durchsichtigen Betrieb und die F\u00fchrung von Unternehmen. Neben den auf dem Markt erh\u00e4ltlichen Applikationen f\u00fcr generalisierte L\u00f6sungen besteht stets auch Bedarf f\u00fcr massgeschneiderte, spezielle Applikationen, die mit der existierenden EDV Landschaft zusammenarbeiten k\u00f6nnen. Unsere Kernkompetenzen sind Softwareentwicklung, Prozessengineering, Architektur, Implementierung, Testphase und Planung und Unterst\u00fctzung des Betriebes, Wartung der erstellten L\u00f6sung &#8211; nat\u00fcrlich alles an den Kundenbed\u00fcrfnissen ausgerichtet.<\/p>\n\n\n\n<p class=\"has-text-align-justify\">Um die richtige Technologie w\u00e4hlen zu k\u00f6nnen, muss man die Gesch\u00e4ftsmodelle und Prozesse kennen, weil eine massgeschneiderte L\u00f6sung, die spezielle Anforderungen erf\u00fcllen soll, nur mit fundierten Kenntnissen \u00fcber das Zielgebiet erstellt werden kann. Diese Kenntnis hilft das Vertrauen des Kunden zu gewinnen, was eine Voraussetzung f\u00fcr erfolgreiche Zusammenarbeit ist. Auf den Gebieten ICT Beratung, Planung und Entwicklung konnten wir viel Erfahrung in unterschiedlichsten Kundensegmenten sammeln. Unsere breite Referenzbasis beinhaltet Beispiele f\u00fcr massgeschneiderte Eigenentwicklungen f\u00fcr Spezialanforderungen, als auch f\u00fcr die Implementierung von traditionellen integrierten L\u00f6sungen.<\/p>\n<\/div>\n<\/div>\n\n\n\n<p><\/p>\n","protected":false},"excerpt":{"rendered":"<p>Eine zielorientierte Planung und Kontrolle von Prozessen ist die Basis f\u00fcr einen kosteneffizienten und durchsichtigen Betrieb und die F\u00fchrung von Unternehmen. Neben den auf dem Markt erh\u00e4ltlichen Applikationen f\u00fcr generalisierte L\u00f6sungen besteht stets auch Bedarf f\u00fcr massgeschneiderte, spezielle Applikationen, die mit der existierenden EDV Landschaft zusammenarbeiten k\u00f6nnen. Unsere Kernkompetenzen sind Softwareentwicklung, Prozessengineering, Architektur, Implementierung, Testphase &hellip; <a href=\"https:\/\/v-comp.ch.webhost.v-comp.ch\/?page_id=376\" class=\"more-link\">Continue reading<span class=\"screen-reader-text\"> &#8220;Beratung&#8221;<\/span><\/a><\/p>\n","protected":false},"author":1,"featured_media":0,"parent":0,"menu_order":0,"comment_status":"closed","ping_status":"closed","template":"","meta":{"_editorskit_title_hidden":false,"_editorskit_reading_time":0,"_editorskit_is_block_options_detached":false,"_editorskit_block_options_position":"{}","footnotes":""},"class_list":["post-376","page","type-page","status-publish","hentry"],"_links":{"self":[{"href":"https:\/\/v-comp.ch.webhost.v-comp.ch\/index.php?rest_route=\/wp\/v2\/pages\/376","targetHints":{"allow":["GET"]}}],"collection":[{"href":"https:\/\/v-comp.ch.webhost.v-comp.ch\/index.php?rest_route=\/wp\/v2\/pages"}],"about":[{"href":"https:\/\/v-comp.ch.webhost.v-comp.ch\/index.php?rest_route=\/wp\/v2\/types\/page"}],"author":[{"embeddable":true,"href":"https:\/\/v-comp.ch.webhost.v-comp.ch\/index.php?rest_route=\/wp\/v2\/users\/1"}],"replies":[{"embeddable":true,"href":"https:\/\/v-comp.ch.webhost.v-comp.ch\/index.php?rest_route=%2Fwp%2Fv2%2Fcomments&post=376"}],"version-history":[{"count":3,"href":"https:\/\/v-comp.ch.webhost.v-comp.ch\/index.php?rest_route=\/wp\/v2\/pages\/376\/revisions"}],"predecessor-version":[{"id":600,"href":"https:\/\/v-comp.ch.webhost.v-comp.ch\/index.php?rest_route=\/wp\/v2\/pages\/376\/revisions\/600"}],"wp:attachment":[{"href":"https:\/\/v-comp.ch.webhost.v-comp.ch\/index.php?rest_route=%2Fwp%2Fv2%2Fmedia&parent=376"}],"curies":[{"name":"wp","href":"https:\/\/api.w.org\/{rel}","templated":true}]}}