{"id":378,"date":"2022-03-07T21:09:31","date_gmt":"2022-03-07T20:09:31","guid":{"rendered":"https:\/\/v-comp.ch.webhost.v-comp.ch\/?page_id=378"},"modified":"2023-03-26T18:15:22","modified_gmt":"2023-03-26T16:15:22","slug":"integration-entwicklung","status":"publish","type":"page","link":"https:\/\/v-comp.ch.webhost.v-comp.ch\/?page_id=378","title":{"rendered":"Integration, Entwicklung"},"content":{"rendered":"\n<div class=\"wp-block-columns is-layout-flex wp-container-core-columns-is-layout-9d6595d7 wp-block-columns-is-layout-flex\">\n<div class=\"wp-block-column is-layout-flow wp-block-column-is-layout-flow\" style=\"flex-basis:33.33%\">\n<figure class=\"wp-block-image size-full\"><img loading=\"lazy\" decoding=\"async\" width=\"305\" height=\"229\" src=\"http:\/\/v-comp.ch.webhost.v-comp.ch\/wp-content\/uploads\/2022\/03\/integracio.jpg\" alt=\"\" class=\"wp-image-287\" srcset=\"https:\/\/v-comp.ch.webhost.v-comp.ch\/wp-content\/uploads\/2022\/03\/integracio.jpg 305w, https:\/\/v-comp.ch.webhost.v-comp.ch\/wp-content\/uploads\/2022\/03\/integracio-300x225.jpg 300w\" sizes=\"auto, (max-width: 305px) 85vw, 305px\" \/><\/figure>\n<\/div>\n\n\n\n<div class=\"wp-block-column is-layout-flow wp-block-column-is-layout-flow\" style=\"flex-basis:66.66%\">\n<p class=\"has-text-align-justify\">Die immer schnelleren Gesch\u00e4ftsprozesse, effizienten Kampagnen und der Bedarf f\u00fcr eine schnelle Reaktion auf diese Herausforderungen erfordern die Integration der diversen betriebsunterst\u00fctzenden Applikationen mit den unterschiedlichsten Integrationstechniken. Eine Aufgabe ist die Zusammenf\u00fchrung der verf\u00fcgbaren Hardware- und Softwareelemente in eine zuverl\u00e4ssige Einheit, um die Gesch\u00e4ftsprozesse auf einer h\u00f6heren Ebene zu unterst\u00fctzen. <\/p>\n\n\n\n<p class=\"has-text-align-justify\">Die Hauptaufgabe der Systemintegration ist, die schon verf\u00fcgbaren Systeme zu verbinden, die Plattformen zu integrieren und den Informationsaustausch der Systeme zu erm\u00f6glichen. Applikationsintegration erm\u00f6glicht den Aufbau der komplexen EDV Applikationen in einer Architektur, wo neue Komponenten im Parallelbetrieb mit den alten Applikationen eingef\u00fchrt werden k\u00f6nnen. Nach einer richtig geplanten Integration verbessert sich die Datenqualit\u00e4t und der Datenfluss beschleunigt sich, wodurch der Anspruch auf schnellere und genauere Informationen f\u00fcr Gesch\u00e4ftsentscheidungen erf\u00fcllt werden kann. F\u00fcr die Optimierung der EDV Prozesse und Erh\u00f6hung der Effizienz beinhaltet unser Portfolio die Bereitstellung der Hardwarekomponenten, Installation der Softwarepakete, Erweiterung der schon verf\u00fcgbaren Umgebungen, Integration\/Konfiguration der L\u00f6sungen von Drittanbietern und auch die Entwicklung von zus\u00e4tzlichen Komponenten, Funktionalit\u00e4ten bzw. Leistungsoptimierung der Systeme. <\/p>\n\n\n\n<p class=\"has-text-align-justify\">Unter den Integrationsaufgaben verstehen wir auch die Erstellung von Dokumentdatenbanken und Konsolidierung der existierenden Datenbanken. Diese komplexen Auftr\u00e4ge werden mit einer IST Zustandsanalyse und SOLL Zustandsplanung eingeleitet. Die Aufgaben werden immer von Mitarbeitern mit entsprechendem KnowHow und Werkzeugkenntnissen durchgef\u00fchrt. Wir haben eine breite Erfahrung und \u00fcberzeugende Referenzen auf dem Feld von Systemintegration und Entwicklung.<\/p>\n<\/div>\n<\/div>\n\n\n\n<p><\/p>\n","protected":false},"excerpt":{"rendered":"<p>Die immer schnelleren Gesch\u00e4ftsprozesse, effizienten Kampagnen und der Bedarf f\u00fcr eine schnelle Reaktion auf diese Herausforderungen erfordern die Integration der diversen betriebsunterst\u00fctzenden Applikationen mit den unterschiedlichsten Integrationstechniken. Eine Aufgabe ist die Zusammenf\u00fchrung der verf\u00fcgbaren Hardware- und Softwareelemente in eine zuverl\u00e4ssige Einheit, um die Gesch\u00e4ftsprozesse auf einer h\u00f6heren Ebene zu unterst\u00fctzen. Die Hauptaufgabe der Systemintegration ist, &hellip; <a href=\"https:\/\/v-comp.ch.webhost.v-comp.ch\/?page_id=378\" class=\"more-link\">Continue reading<span class=\"screen-reader-text\"> &#8220;Integration, Entwicklung&#8221;<\/span><\/a><\/p>\n","protected":false},"author":1,"featured_media":0,"parent":0,"menu_order":0,"comment_status":"closed","ping_status":"closed","template":"","meta":{"_editorskit_title_hidden":false,"_editorskit_reading_time":0,"_editorskit_is_block_options_detached":false,"_editorskit_block_options_position":"{}","footnotes":""},"class_list":["post-378","page","type-page","status-publish","hentry"],"_links":{"self":[{"href":"https:\/\/v-comp.ch.webhost.v-comp.ch\/index.php?rest_route=\/wp\/v2\/pages\/378","targetHints":{"allow":["GET"]}}],"collection":[{"href":"https:\/\/v-comp.ch.webhost.v-comp.ch\/index.php?rest_route=\/wp\/v2\/pages"}],"about":[{"href":"https:\/\/v-comp.ch.webhost.v-comp.ch\/index.php?rest_route=\/wp\/v2\/types\/page"}],"author":[{"embeddable":true,"href":"https:\/\/v-comp.ch.webhost.v-comp.ch\/index.php?rest_route=\/wp\/v2\/users\/1"}],"replies":[{"embeddable":true,"href":"https:\/\/v-comp.ch.webhost.v-comp.ch\/index.php?rest_route=%2Fwp%2Fv2%2Fcomments&post=378"}],"version-history":[{"count":3,"href":"https:\/\/v-comp.ch.webhost.v-comp.ch\/index.php?rest_route=\/wp\/v2\/pages\/378\/revisions"}],"predecessor-version":[{"id":605,"href":"https:\/\/v-comp.ch.webhost.v-comp.ch\/index.php?rest_route=\/wp\/v2\/pages\/378\/revisions\/605"}],"wp:attachment":[{"href":"https:\/\/v-comp.ch.webhost.v-comp.ch\/index.php?rest_route=%2Fwp%2Fv2%2Fmedia&parent=378"}],"curies":[{"name":"wp","href":"https:\/\/api.w.org\/{rel}","templated":true}]}}